{"id":883,"date":"2015-03-02T13:26:46","date_gmt":"2015-03-02T12:26:46","guid":{"rendered":"http:\/\/www2.tc-niddatal.de\/?page_id=883"},"modified":"2025-05-29T22:47:02","modified_gmt":"2025-05-29T20:47:02","slug":"anfahrtsskizze","status":"publish","type":"page","link":"https:\/\/www2.tc-niddatal.de\/?page_id=883","title":{"rendered":"Anfahrtsskizze"},"content":{"rendered":"\n<div class=\"wp-block-columns is-layout-flex wp-container-core-columns-is-layout-9d6595d7 wp-block-columns-is-layout-flex\">\n<div class=\"wp-block-column is-layout-flow wp-block-column-is-layout-flow\" style=\"flex-basis:100%\">\n<p><strong>Unsere Adresse:<\/strong><\/p>\n<p>TC Niddatal e.V.<br>Assenheimer Str.<br>61194 Niddatal-B\u00f6nstadt<\/p>\n<p><strong><span style=\"color: #ff0000;\">ACHTUNG:&nbsp;<\/span><\/strong><\/p>\n<div class=\"default-style\"><span style=\"color: #000000;\"><strong>Die Zufahrt zu unseren Tennispl\u00e4tzen ist trotz der Sanierung der Ortsdurchfahrt in B\u00f6nstadt von Assenheim aus kommend wie gewohnt m\u00f6glich! &nbsp;<\/strong><\/span><\/div>\n<div>&nbsp;<\/div>\n<div class=\"default-style\"><span style=\"color: #ff0000;\"><strong>Aus Richtung Altenstadt\/Chausseehaus kommend ist seit 26. Mai 2025 <\/strong><strong>keine Anfahrt m\u00f6glich<\/strong><strong>!<\/strong><\/span><\/div>\n<div>&nbsp;<\/div>\n<\/div>\n<\/div>\n","protected":false},"excerpt":{"rendered":"<p>Unsere Adresse: TC Niddatal e.V.Assenheimer Str.61194 Niddatal-B\u00f6nstadt ACHTUNG:&nbsp; Die Zufahrt zu unseren Tennispl\u00e4tzen ist trotz der Sanierung der Ortsdurchfahrt in B\u00f6nstadt von Assenheim aus kommend wie gewohnt m\u00f6glich! &nbsp; &nbsp; Aus Richtung Altenstadt\/Chausseehaus kommend ist seit 26. Mai 2025 keine Anfahrt m\u00f6glich! &nbsp;<\/p>\n","protected":false},"author":1,"featured_media":0,"parent":0,"menu_order":0,"comment_status":"closed","ping_status":"open","template":"","meta":{"ngg_post_thumbnail":0,"footnotes":""},"class_list":["post-883","page","type-page","status-publish","hentry"],"_links":{"self":[{"href":"https:\/\/www2.tc-niddatal.de\/index.php?rest_route=\/wp\/v2\/pages\/883","targetHints":{"allow":["GET"]}}],"collection":[{"href":"https:\/\/www2.tc-niddatal.de\/index.php?rest_route=\/wp\/v2\/pages"}],"about":[{"href":"https:\/\/www2.tc-niddatal.de\/index.php?rest_route=\/wp\/v2\/types\/page"}],"author":[{"embeddable":true,"href":"https:\/\/www2.tc-niddatal.de\/index.php?rest_route=\/wp\/v2\/users\/1"}],"replies":[{"embeddable":true,"href":"https:\/\/www2.tc-niddatal.de\/index.php?rest_route=%2Fwp%2Fv2%2Fcomments&post=883"}],"version-history":[{"count":12,"href":"https:\/\/www2.tc-niddatal.de\/index.php?rest_route=\/wp\/v2\/pages\/883\/revisions"}],"predecessor-version":[{"id":3768,"href":"https:\/\/www2.tc-niddatal.de\/index.php?rest_route=\/wp\/v2\/pages\/883\/revisions\/3768"}],"wp:attachment":[{"href":"https:\/\/www2.tc-niddatal.de\/index.php?rest_route=%2Fwp%2Fv2%2Fmedia&parent=883"}],"curies":[{"name":"wp","href":"https:\/\/api.w.org\/{rel}","templated":true}]}}