{"id":867,"date":"2015-02-20T11:25:08","date_gmt":"2015-02-20T10:25:08","guid":{"rendered":"http:\/\/www2.tc-niddatal.de\/?page_id=867"},"modified":"2025-08-04T11:32:45","modified_gmt":"2025-08-04T09:32:45","slug":"training-2","status":"publish","type":"page","link":"https:\/\/www2.tc-niddatal.de\/?page_id=867","title":{"rendered":"Training"},"content":{"rendered":"\n<div class=\"wp-block-columns is-layout-flex wp-container-core-columns-is-layout-9d6595d7 wp-block-columns-is-layout-flex\">\n<div class=\"wp-block-column is-layout-flow wp-block-column-is-layout-flow\" style=\"flex-basis:100%\"><\/div>\n<\/div>\n\n\n<div class=\"wp-block-image\">\n<figure class=\"alignright is-resized\"><a href=\"https:\/\/www2.tc-niddatal.de\/wp-content\/uploads\/2025\/07\/Wintertennis.jpg\"><img loading=\"lazy\" decoding=\"async\" width=\"1181\" height=\"1181\" src=\"https:\/\/www2.tc-niddatal.de\/wp-content\/uploads\/2025\/07\/Wintertennis.jpg\" alt=\"\" class=\"wp-image-3819\" style=\"width:208px;height:auto\" srcset=\"https:\/\/www2.tc-niddatal.de\/wp-content\/uploads\/2025\/07\/Wintertennis.jpg 1181w, https:\/\/www2.tc-niddatal.de\/wp-content\/uploads\/2025\/07\/Wintertennis-300x300.jpg 300w, https:\/\/www2.tc-niddatal.de\/wp-content\/uploads\/2025\/07\/Wintertennis-1024x1024.jpg 1024w, https:\/\/www2.tc-niddatal.de\/wp-content\/uploads\/2025\/07\/Wintertennis-150x150.jpg 150w, https:\/\/www2.tc-niddatal.de\/wp-content\/uploads\/2025\/07\/Wintertennis-768x768.jpg 768w\" sizes=\"auto, (max-width: 1181px) 100vw, 1181px\" \/><\/a><\/figure>\n<\/div>\n\n\n<div class=\"wp-block-group\"><div class=\"wp-block-group__inner-container is-layout-constrained wp-block-group-is-layout-constrained\">\n<div class=\"wp-block-columns is-layout-flex wp-container-core-columns-is-layout-9d6595d7 wp-block-columns-is-layout-flex\">\n<div class=\"wp-block-column is-layout-flow wp-block-column-is-layout-flow\" style=\"flex-basis:100%\">\n<h3 class=\"wp-block-heading\"><strong>Wintertraining 2025\/2026<\/strong><\/h3>\n<\/div>\n<\/div>\n<\/div><\/div>\n\n\n\n<div class=\"wp-block-group\"><div class=\"wp-block-group__inner-container is-layout-constrained wp-block-group-is-layout-constrained\">\n<div class=\"wp-block-columns is-layout-flex wp-container-core-columns-is-layout-9d6595d7 wp-block-columns-is-layout-flex\">\n<div class=\"wp-block-column is-layout-flow wp-block-column-is-layout-flow\" style=\"flex-basis:100%\">\n<p>Unsere Trainer bieten f\u00fcr die Wintersaison Training in der Traglufthalle des TC Dorheim an. Alle Informationen hierzu sind in dieser <a href=\"https:\/\/www2.tc-niddatal.de\/wp-content\/uploads\/2025\/07\/Info-Wintertraining-2025-2026.pdf\">Pr\u00e4sentation<\/a> zusammengestellt.<\/p>\n<\/div>\n<\/div>\n<\/div><\/div>\n\n\n\n<div class=\"wp-block-group\"><div class=\"wp-block-group__inner-container is-layout-constrained wp-block-group-is-layout-constrained\">\n<p>Bei Fragen oder Interesse bitte direkt per E-Mail an Georgi Kumchev per E-Mail an training@tc-niddatal.de wenden.<\/p>\n<\/div><\/div>\n\n\n\n<h2 class=\"wp-block-heading\">&#8212;&#8212;&#8212;&#8212;&#8212;&#8212;&#8212;&#8212;&#8212;&#8212;&#8212;&#8212;&#8212;&#8212;&#8212;&#8212;&#8212;&#8212;&#8212;&#8212;&#8212;&#8212;&#8212;&#8212;&#8211;<\/h2>\n\n\n\n<p><\/p>\n\n\n\n<h3 class=\"wp-block-heading\"><strong>Neu in 2025: Kostenloses Schnuppertraining freitags von 16-18 Uhr.<\/strong><\/h3>\n\n\n\n<h4 class=\"wp-block-heading\">N\u00e4chster Termin: 8. August 2025<\/h4>\n\n\n\n<p>Interessierte (ab 5 Jahre, alle Altersklassen) k\u00f6nnen gerne einen Termin zum Schnuppertraining vereinbaren. Anmeldung per E-Mail <a href=\"mailto:training@tc-niddatal.de\">training@tc-niddatal.de<\/a> Das Material wird vom Verein gestellt. Es sollte auf bequeme Sportkleidung und Sportschuhe geachtet werden. Das kostenlose Schnupperangebot kann von jedem Interessenten <strong>zweimal<\/strong> in Anspruch genommen werden. Danach ist eine Vereinsmitgliedschaft anzustreben. Ein Anmeldeformular ist beim Trainer erh\u00e4ltlich oder kann auf unserer Webseite unter <a href=\"http:\/\/www2.tc-niddatal.de\/?page_id=105\">Mitgliedschaft<\/a> ausgedruckt werden.<\/p>\n\n\n\n<h2 class=\"wp-block-heading\">&#8212;&#8212;&#8212;&#8212;&#8212;&#8212;&#8212;&#8212;&#8212;&#8212;&#8212;&#8212;&#8212;&#8212;&#8212;&#8212;&#8212;&#8212;&#8212;&#8212;&#8212;&#8212;&#8212;&#8212;&#8211;<\/h2>\n\n\n\n<h3 class=\"wp-block-heading\"><strong>Training allgemein:<\/strong><\/h3>\n\n\n\n<p>Generell bietet der TC Niddatal e.V. allen interessierten Kindern, Jugendlichen und Erwachsenen an, Trainingsstunden zu buchen. Kinder bis 13 Jahre erhalten bei uns eine Trainingsf\u00f6rderung. Die Vereinsmitgliedschaft ist Voraussetzung f\u00fcr die Teilnahme am Training.<br>Trainingsanfragen k\u00f6nnen gerne direkt an unseren Trainer Georgi Kumchev per E-Mail an training@tc-niddatal.de gestellt werden.<\/p>\n\n\n\n<p><a href=\"http:\/\/www2.tc-niddatal.de\/wp-content\/uploads\/2025\/04\/IMG_1033-scaled.jpg\"><img loading=\"lazy\" decoding=\"async\" class=\"alignnone size-medium wp-image-3621\" src=\"http:\/\/www2.tc-niddatal.de\/wp-content\/uploads\/2025\/04\/IMG_1033-225x300.jpg\" alt=\"\" width=\"225\" height=\"300\" srcset=\"https:\/\/www2.tc-niddatal.de\/wp-content\/uploads\/2025\/04\/IMG_1033-225x300.jpg 225w, https:\/\/www2.tc-niddatal.de\/wp-content\/uploads\/2025\/04\/IMG_1033-768x1024.jpg 768w, https:\/\/www2.tc-niddatal.de\/wp-content\/uploads\/2025\/04\/IMG_1033-1152x1536.jpg 1152w, https:\/\/www2.tc-niddatal.de\/wp-content\/uploads\/2025\/04\/IMG_1033-1536x2048.jpg 1536w, https:\/\/www2.tc-niddatal.de\/wp-content\/uploads\/2025\/04\/IMG_1033-scaled.jpg 1920w\" sizes=\"auto, (max-width: 225px) 100vw, 225px\" \/><\/a><br><em>Georgi Kumchev, Student<\/em><br><em>Trainerlizenz: DTB C-Trainer Leistungssport<\/em><br>&nbsp;<\/p>\n","protected":false},"excerpt":{"rendered":"<p>Wintertraining 2025\/2026 Unsere Trainer bieten f\u00fcr die Wintersaison Training in der Traglufthalle des TC Dorheim an. Alle Informationen hierzu sind in dieser Pr\u00e4sentation zusammengestellt. Bei Fragen oder Interesse bitte direkt per E-Mail an Georgi Kumchev per E-Mail an training@tc-niddatal.de wenden. &#8212;&#8212;&#8212;&#8212;&#8212;&#8212;&#8212;&#8212;&#8212;&#8212;&#8212;&#8212;&#8212;&#8212;&#8212;&#8212;&#8212;&#8212;&#8212;&#8212;&#8212;&#8212;&#8212;&#8212;&#8211; Neu in 2025: Kostenloses Schnuppertraining freitags von 16-18 Uhr. N\u00e4chster Termin: 8. August 2025 <span class=\"ellipsis\">&hellip;<\/span> <span class=\"more-link-wrap\"><a href=\"https:\/\/www2.tc-niddatal.de\/?page_id=867\" class=\"more-link\"><span>Read More &rarr;<\/span><\/a><\/span><\/p>\n","protected":false},"author":1,"featured_media":0,"parent":0,"menu_order":0,"comment_status":"closed","ping_status":"open","template":"","meta":{"ngg_post_thumbnail":0,"footnotes":""},"class_list":["post-867","page","type-page","status-publish","hentry"],"_links":{"self":[{"href":"https:\/\/www2.tc-niddatal.de\/index.php?rest_route=\/wp\/v2\/pages\/867","targetHints":{"allow":["GET"]}}],"collection":[{"href":"https:\/\/www2.tc-niddatal.de\/index.php?rest_route=\/wp\/v2\/pages"}],"about":[{"href":"https:\/\/www2.tc-niddatal.de\/index.php?rest_route=\/wp\/v2\/types\/page"}],"author":[{"embeddable":true,"href":"https:\/\/www2.tc-niddatal.de\/index.php?rest_route=\/wp\/v2\/users\/1"}],"replies":[{"embeddable":true,"href":"https:\/\/www2.tc-niddatal.de\/index.php?rest_route=%2Fwp%2Fv2%2Fcomments&post=867"}],"version-history":[{"count":32,"href":"https:\/\/www2.tc-niddatal.de\/index.php?rest_route=\/wp\/v2\/pages\/867\/revisions"}],"predecessor-version":[{"id":3890,"href":"https:\/\/www2.tc-niddatal.de\/index.php?rest_route=\/wp\/v2\/pages\/867\/revisions\/3890"}],"wp:attachment":[{"href":"https:\/\/www2.tc-niddatal.de\/index.php?rest_route=%2Fwp%2Fv2%2Fmedia&parent=867"}],"curies":[{"name":"wp","href":"https:\/\/api.w.org\/{rel}","templated":true}]}}