{"id":51,"date":"2013-11-12T20:50:29","date_gmt":"2013-11-12T18:50:29","guid":{"rendered":"http:\/\/192.168.178.23\/tcniddatal\/?page_id=51"},"modified":"2026-02-18T14:16:17","modified_gmt":"2026-02-18T13:16:17","slug":"wir-ueber-uns","status":"publish","type":"page","link":"https:\/\/www2.tc-niddatal.de\/?page_id=51","title":{"rendered":"Unser Verein"},"content":{"rendered":"<p>Wir sind ein Breitensportverein mit dem sportlichen Ehrgeiz im Tennissport in der Wetterau und dar\u00fcber hinaus Erfolge zu feiern. Wir stellen regelm\u00e4\u00dfig Jugend-, Damen- und Herrenmannschaften f\u00fcr die Teilnahme an den Medenspielen.<\/p>\n<p>Ab einem Alter von f\u00fcnf Jahren kann bei uns Tennis gespielt und trainiert werden. Ob Kondition, Koordination oder Techniktraining \u2013 wir m\u00f6chten, dass die J\u00fcngsten von Anfang an den Sport genie\u00dfen und sich immer verbessern k\u00f6nnen. Neben den Trainingsstunden der Jugendgruppen werden einzelne Kinder auch dar\u00fcber hinaus mit zus\u00e4tzlichen Einzelstunden betreut. Wir versuchen die jungen Spieler in eine feste Mannschaft einzubinden. Durch unsere F\u00f6rderung und kontinuierliche Unterst\u00fctzung ist es bald m\u00f6glich, erste Erfolge zu erzielen. Wichtig dabei ist uns immer der Spa\u00df am Sport.<\/p>\n<p>Nat\u00fcrlich unterst\u00fctzen wir auch Spielerinnen und Spieler, die abseits der Medenrunden den Tennissport aus Freude, zur Gesundheitserhaltung, etc ausf\u00fchren.<\/p>\n<p><strong>Unser Leitbild<\/strong><br \/>\nDer TC Niddatal e.V.<\/p>\n<ol>\n<li>ist ein lebendiger Verein mit attraktivem Angebot f\u00fcr alle (aktive und passive) Mitglieder<\/li>\n<li>ist ein Verein mit ausreichender Anzahl an Mitgliedern und gesunden Finanzen<\/li>\n<li>ist sportlich erfolgreich<\/li>\n<li>ist attraktiv f\u00fcr Tennisinteressierte und \u00fcber die Grenzen Niddatals hinaus bekannt<\/li>\n<li>ist ein akzeptierter Partner in Gesellschaft (Stadt und andere Vereine)<\/li>\n<\/ol>\n<div>&nbsp;<\/div>\n<p><strong>Ansprechpartner und Vorstand<\/strong><br \/>\nDer <a title=\"Vorstand\/Kontakt\" href=\"?page_id=13\">Vorstand<\/a> ist erster Ansprechpartner. Er steht mit Rat und Tat zur Seite. Bei Bedarf vermittelt er weitere Kontakte.<\/p>\n<p><strong>Unsere Anlage<\/strong><br \/>\nWir verf\u00fcgen \u00fcber <a href=\"https:\/\/www2.tc-niddatal.de\/?page_id=4068&amp;preview=true\">sechs Sandpl\u00e4tze mit grau-gr\u00fcnem Sandbelag (Canada-Tenn)<\/a>, sowie eine Ballwand.<\/p>\n<p>Die Anlage des Tennisclub Niddatal ist bei Spielern und G\u00e4sten gleicherma\u00dfen wegen der ruhigen Lage mitten im Gr\u00fcnen sehr beliebt. Das gem\u00fctliche Holzclubhaus l\u00e4dt Spieler und G\u00e4ste zum Verweilen ein. Moderne Funktionsanlagen geh\u00f6ren wie auch gen\u00fcgend Parkpl\u00e4tze zur Anlage.<br \/>\nUnsere Anlage wird durch uns selbst gepflegt und &#8222;in Schuss&#8220; gehalten.<\/p>\n<p><strong>Vereinschronik<\/strong><br \/>\nIm Jahre 1979 gaben elf Tennisenthusiasten in der Niddataler Lokalpresse eine kleine Notiz auf, in der Tennisinteressierte f\u00fcr den 20. Februar 1979 in das B\u00fcrgerhaus Assenheim eingeladen wurden. Aus der Versammlung heraus wurden mehrere Personen benannt, die bis zur Gr\u00fcndung des TCN kommissarisch als Vorstand fungierten. [<a title=\"Vereinschronik\" href=\"?page_id=47\">&#8230;<\/a>]<\/p>\n","protected":false},"excerpt":{"rendered":"<p>Wir sind ein Breitensportverein mit dem sportlichen Ehrgeiz im Tennissport in der Wetterau und dar\u00fcber hinaus Erfolge zu feiern. Wir stellen regelm\u00e4\u00dfig Jugend-, Damen- und Herrenmannschaften f\u00fcr die Teilnahme an den Medenspielen. Ab einem Alter von f\u00fcnf Jahren kann bei uns Tennis gespielt und trainiert werden. Ob Kondition, Koordination oder Techniktraining \u2013 wir m\u00f6chten, dass <span class=\"ellipsis\">&hellip;<\/span> <span class=\"more-link-wrap\"><a href=\"https:\/\/www2.tc-niddatal.de\/?page_id=51\" class=\"more-link\"><span>Read More &rarr;<\/span><\/a><\/span><\/p>\n","protected":false},"author":1,"featured_media":0,"parent":0,"menu_order":0,"comment_status":"closed","ping_status":"open","template":"","meta":{"ngg_post_thumbnail":0,"footnotes":""},"class_list":["post-51","page","type-page","status-publish","hentry"],"_links":{"self":[{"href":"https:\/\/www2.tc-niddatal.de\/index.php?rest_route=\/wp\/v2\/pages\/51","targetHints":{"allow":["GET"]}}],"collection":[{"href":"https:\/\/www2.tc-niddatal.de\/index.php?rest_route=\/wp\/v2\/pages"}],"about":[{"href":"https:\/\/www2.tc-niddatal.de\/index.php?rest_route=\/wp\/v2\/types\/page"}],"author":[{"embeddable":true,"href":"https:\/\/www2.tc-niddatal.de\/index.php?rest_route=\/wp\/v2\/users\/1"}],"replies":[{"embeddable":true,"href":"https:\/\/www2.tc-niddatal.de\/index.php?rest_route=%2Fwp%2Fv2%2Fcomments&post=51"}],"version-history":[{"count":12,"href":"https:\/\/www2.tc-niddatal.de\/index.php?rest_route=\/wp\/v2\/pages\/51\/revisions"}],"predecessor-version":[{"id":4074,"href":"https:\/\/www2.tc-niddatal.de\/index.php?rest_route=\/wp\/v2\/pages\/51\/revisions\/4074"}],"wp:attachment":[{"href":"https:\/\/www2.tc-niddatal.de\/index.php?rest_route=%2Fwp%2Fv2%2Fmedia&parent=51"}],"curies":[{"name":"wp","href":"https:\/\/api.w.org\/{rel}","templated":true}]}}