{"id":47,"date":"2013-11-12T20:48:57","date_gmt":"2013-11-12T18:48:57","guid":{"rendered":"http:\/\/192.168.178.23\/tcniddatal\/?page_id=47"},"modified":"2013-11-12T20:48:57","modified_gmt":"2013-11-12T18:48:57","slug":"historie","status":"publish","type":"page","link":"https:\/\/www2.tc-niddatal.de\/?page_id=47","title":{"rendered":"Vereinschronik"},"content":{"rendered":"<p>Im Jahre 1979 gaben elf Tennisenthusiasten in der\u00a0 Niddataler Lokalpresse eine kleine Notiz auf, in der Tennisinteressierte f\u00fcr den\u00a0 20. Februar 1979 in das B\u00fcrgerhaus Assenheim eingeladen wurden. Aus der\u00a0 Versammlung heraus wurden mehrere Personen benannt, die bis zur Gr\u00fcndung des TCN\u00a0 kommissarisch als Vorstand fungierten.<br \/>\nAm 13. September 1979 wurde der TCN schlie\u00dflich offiziell\u00a0 aus der Taufe gehoben. Bei der ersten Mitgliederversammlung in Ilbenstadt im\u00a0 November 1979 waren mehr als 300 Personen anwesend, von denen sich 200 direkt in\u00a0 die Mitgliederliste eintrugen. Zum ersten 1. Vorsitzenden des TCN wurde Herr Dr.\u00a0 Winfried Kleine gew\u00e4hlt.<\/p>\n<p>Im Oktober 1980 \u00fcbernahm Herr Manfred Pfuhl die Position\u00a0 des 1. Vorsitzenden. Diese Position sollte er bis zum M\u00e4rz 2003 erfolgreich\u00a0 einnehmen. 1984 kam \u201eLand in Sicht\u201c: Von den urspr\u00fcnglich sieben\u00a0 geplanten Pl\u00e4tzen wurden drei gebaut. Am 08. September 1984 wurden dann im\u00a0 Rahmen einer gro\u00dfen Er\u00f6ffnungsfeier die Pl\u00e4tze zum Spiel freigegeben. Alle\u00a0 Pl\u00e4tze haben bis heute grau-gr\u00fcnen Sand als Belag. Die Pl\u00e4tze sind wegen ihrer\u00a0 ruhigen Lage im Gr\u00fcnen bei Spielern und G\u00e4sten beliebt.<\/p>\n<p>Die 80er Jahre f\u00fcllten folgende Schlagzeilen:<\/p>\n<ul>\n<li>Der vierte Tennisplatz wurde in Eigenleistung gebaut (1986 war es dann soweit).<\/li>\n<li>Jugendf\u00f6rderung trotz niedriger Beitr\u00e4ge. Dies konnte bis heute gehalten werden.<\/li>\n<li>Riesiges Jubil\u00e4umsfest zum zehnj\u00e4hrigen Bestehen des TCN 1989 \u2013 als Gaststar tritt die Gewinnerin der Rudi-Carell Show, eine Tina-Turner Imitatorin, auf. Anl\u00e4sslich dieses ersten runden Geburtstags wurde eine interessante und kurzweilige Festschrift erstellt.<\/li>\n<li>Fertigstellung des Clubhauses. Das Funktionsgeb\u00e4ude mit Dusche und Umkleiden konnte 1989 in Betrieb genommen werden.<\/li>\n<li>Erster Aufstieg einer Mannschaft des TCN (Herrenmannschaft stieg in die Kreisklasse A auf &#8211; Saison 1988).<\/li>\n<\/ul>\n<p>Auch in den 90er Jahren bis heute tat sich einiges beim\u00a0 TCN:<\/p>\n<ul>\n<li>Die Pl\u00e4tze f\u00fcnf und sechs wurden gebaut.<\/li>\n<li>Ballwand und Kinderunterhaltungsger\u00e4te wurden installiert.<\/li>\n<li>Gro\u00dfes Jubil\u00e4umsfest anl\u00e4sslich des zwanzigj\u00e4hrigen Bestehens des TCN 1999.<\/li>\n<\/ul>\n<p>Die sportlichen Erfolge blieben nicht aus: Zahlreiche Aufstiege der\u00a0 Juniorenmannschaften, Aktiven- und Seniorenmannschaften konnten verbucht werden. Hinzu kamen zahlreiche Erfolge bei den Herreneinzel-Kreismeisterschaften des Tenniskreises Hochtaunus\/Wetterau.<\/p>\n<p>Neben diesen \u201eHighlights\u201c wurden in jeder Saison nat\u00fcrlich\u00a0 regelm\u00e4\u00dfig zahlreiche weitere Aktivit\u00e4ten, wie z. B. Clubmeisterschaften,\u00a0 Training f\u00fcr Kinder, Jugendliche und Erwachsene, Schultennis, Ferienspiele,\u00a0 Abnahme von Sportabzeichen, Fahrradtouren, Winterturnier, Teilnahme an\u00a0 Stadtfesten und Weihnachtsm\u00e4rkten angeboten. Bei der Jahreshauptversammlung im M\u00e4rz 2003 ging die \u00fcber\u00a0 zwanzigj\u00e4hrige \u00c4ra des Herrn Manfred Pfuhl als 1. Vorsitzen-der des TCN zu Ende.\u00a0 Als Anerkennung f\u00fcr die au\u00dferordentlichen Verdienste um den TCN wurde Herr\u00a0 Manfred Pfuhl einstimmig zum Ehrenmitglied des TCN ernannt. Der TCN wurde nun durch den neuen 1. Vorsitzenden Herrn Joachim Paech gef\u00fchrt. Im Jahr 2004 feierte der TCN sein 25-j\u00e4hriges Vereinsjubil\u00e4um. Zu diesem Anlass erhielt der langj\u00e4hrige Vorsitzende Manfred Pfuhl den Ehrenbrief der Stadt Niddatal.<\/p>\n<p>Seit 2007 werden alle langj\u00e4hrigen Mitglieder des TCN f\u00fcr 25 Jahre und sp\u00e4ter 40 Jahre Mitgliedschaft geehrt. Die Mitglieder der &#8222;fr\u00fchen Stunde&#8220; spielen eine gro\u00dfe Rolle in der Mitglieder-struktur des TCN und sollen daher besonders gew\u00fcrdigt werden.<\/p>\n<p>Sein 30-j\u00e4hriges Bestehen feierte der Verein im Jahre 2009. Im Mittelpunkt der Veranstaltung stand ein Kampf der Geschlechter zwischen Alexander Schropp und Hessenmeisterin Laura Heckler. Im Laufe des Tages wurden ca. 150 Besucher &#8211; und somit so viele wie wohl noch nie &#8211; auf der Anlage des TCN gez\u00e4hlt.<\/p>\n<p>Die n\u00e4chsten \u00c4nderungen brachte das Jahr 2011 mit sich. Sowohl Joachim Paech als auch Christian Osmalz traten bei der Jahreshauptversammlung im M\u00e4rz aus privaten und beruflichen Gr\u00fcnden von ihren Posten als erster und zweiter Vorsitzender zur\u00fcck. Als Nachfolger wurden die Herren Hans Weis und Rainer Zenker gew\u00e4hlt.<br \/>\nAuch sportlich gab es Neues zu berichten, denn erstmals ging der Verein in diesem Jahr mit 9 Teams in die Team-Tennis-Runde.<\/p>\n","protected":false},"excerpt":{"rendered":"<p>Im Jahre 1979 gaben elf Tennisenthusiasten in der\u00a0 Niddataler Lokalpresse eine kleine Notiz auf, in der Tennisinteressierte f\u00fcr den\u00a0 20. Februar 1979 in das B\u00fcrgerhaus Assenheim eingeladen wurden. Aus der\u00a0 Versammlung heraus wurden mehrere Personen benannt, die bis zur Gr\u00fcndung des TCN\u00a0 kommissarisch als Vorstand fungierten. Am 13. September 1979 wurde der TCN schlie\u00dflich offiziell\u00a0 <span class=\"ellipsis\">&hellip;<\/span> <span class=\"more-link-wrap\"><a href=\"https:\/\/www2.tc-niddatal.de\/?page_id=47\" class=\"more-link\"><span>Read More &rarr;<\/span><\/a><\/span><\/p>\n","protected":false},"author":1,"featured_media":0,"parent":0,"menu_order":0,"comment_status":"closed","ping_status":"closed","template":"","meta":{"ngg_post_thumbnail":0,"footnotes":""},"class_list":["post-47","page","type-page","status-publish","hentry"],"_links":{"self":[{"href":"https:\/\/www2.tc-niddatal.de\/index.php?rest_route=\/wp\/v2\/pages\/47","targetHints":{"allow":["GET"]}}],"collection":[{"href":"https:\/\/www2.tc-niddatal.de\/index.php?rest_route=\/wp\/v2\/pages"}],"about":[{"href":"https:\/\/www2.tc-niddatal.de\/index.php?rest_route=\/wp\/v2\/types\/page"}],"author":[{"embeddable":true,"href":"https:\/\/www2.tc-niddatal.de\/index.php?rest_route=\/wp\/v2\/users\/1"}],"replies":[{"embeddable":true,"href":"https:\/\/www2.tc-niddatal.de\/index.php?rest_route=%2Fwp%2Fv2%2Fcomments&post=47"}],"version-history":[{"count":0,"href":"https:\/\/www2.tc-niddatal.de\/index.php?rest_route=\/wp\/v2\/pages\/47\/revisions"}],"wp:attachment":[{"href":"https:\/\/www2.tc-niddatal.de\/index.php?rest_route=%2Fwp%2Fv2%2Fmedia&parent=47"}],"curies":[{"name":"wp","href":"https:\/\/api.w.org\/{rel}","templated":true}]}}