{"id":4075,"date":"2026-02-18T14:22:01","date_gmt":"2026-02-18T13:22:01","guid":{"rendered":"https:\/\/www2.tc-niddatal.de\/?page_id=4075"},"modified":"2026-02-18T14:24:05","modified_gmt":"2026-02-18T13:24:05","slug":"die-chroniken-der-clubmeistermeisterschaften","status":"publish","type":"page","link":"https:\/\/www2.tc-niddatal.de\/?page_id=4075","title":{"rendered":"Die Chroniken der Clubmeistermeisterschaften"},"content":{"rendered":"\n<p>Ehre, wem Ehre geb\u00fchrt: In \u00fcber 45 Jahren Vereinsgeschichte wurden schon so einige Spielerinnen und Spieler zu Clubmeistern des TC Niddatal gek\u00fcrt. Manche stiegen zu wahren Seriensiegern auf. Und von manchem Spiel wird noch heute beim gem\u00fctlichen Zusammensitzen immer wieder gerne gesprochen. <\/p>\n\n\n\n<p>Im folgenden sind alle bisherigen Sieger:innen und Platzierte der einzelnen Konkurrenzen aufgef\u00fchrt.<\/p>\n\n\n\n<p><a href=\"https:\/\/www2.tc-niddatal.de\/?page_id=917\">Clubmeister Herren Einzel<\/a><\/p>\n\n\n\n<p><\/p>\n","protected":false},"excerpt":{"rendered":"<p>Ehre, wem Ehre geb\u00fchrt: In \u00fcber 45 Jahren Vereinsgeschichte wurden schon so einige Spielerinnen und Spieler zu Clubmeistern des TC Niddatal gek\u00fcrt. Manche stiegen zu wahren Seriensiegern auf. Und von manchem Spiel wird noch heute beim gem\u00fctlichen Zusammensitzen immer wieder gerne gesprochen. Im folgenden sind alle bisherigen Sieger:innen und Platzierte der einzelnen Konkurrenzen aufgef\u00fchrt. Clubmeister <span class=\"ellipsis\">&hellip;<\/span> <span class=\"more-link-wrap\"><a href=\"https:\/\/www2.tc-niddatal.de\/?page_id=4075\" class=\"more-link\"><span>Read More &rarr;<\/span><\/a><\/span><\/p>\n","protected":false},"author":9,"featured_media":0,"parent":0,"menu_order":0,"comment_status":"closed","ping_status":"closed","template":"","meta":{"ngg_post_thumbnail":0,"footnotes":""},"class_list":["post-4075","page","type-page","status-publish","hentry"],"_links":{"self":[{"href":"https:\/\/www2.tc-niddatal.de\/index.php?rest_route=\/wp\/v2\/pages\/4075","targetHints":{"allow":["GET"]}}],"collection":[{"href":"https:\/\/www2.tc-niddatal.de\/index.php?rest_route=\/wp\/v2\/pages"}],"about":[{"href":"https:\/\/www2.tc-niddatal.de\/index.php?rest_route=\/wp\/v2\/types\/page"}],"author":[{"embeddable":true,"href":"https:\/\/www2.tc-niddatal.de\/index.php?rest_route=\/wp\/v2\/users\/9"}],"replies":[{"embeddable":true,"href":"https:\/\/www2.tc-niddatal.de\/index.php?rest_route=%2Fwp%2Fv2%2Fcomments&post=4075"}],"version-history":[{"count":3,"href":"https:\/\/www2.tc-niddatal.de\/index.php?rest_route=\/wp\/v2\/pages\/4075\/revisions"}],"predecessor-version":[{"id":4080,"href":"https:\/\/www2.tc-niddatal.de\/index.php?rest_route=\/wp\/v2\/pages\/4075\/revisions\/4080"}],"wp:attachment":[{"href":"https:\/\/www2.tc-niddatal.de\/index.php?rest_route=%2Fwp%2Fv2%2Fmedia&parent=4075"}],"curies":[{"name":"wp","href":"https:\/\/api.w.org\/{rel}","templated":true}]}}