{"id":4068,"date":"2026-02-18T14:14:42","date_gmt":"2026-02-18T13:14:42","guid":{"rendered":"https:\/\/www2.tc-niddatal.de\/?page_id=4068"},"modified":"2026-02-18T14:14:42","modified_gmt":"2026-02-18T13:14:42","slug":"unsere-plaetze","status":"publish","type":"page","link":"https:\/\/www2.tc-niddatal.de\/?page_id=4068","title":{"rendered":"Unsere Pl\u00e4tze"},"content":{"rendered":"\n<p>Unser Verein verf\u00fcgt \u00fcber 6 Sandpl\u00e4tze mit dem Belag Canada Tenn\u00ae.<\/p>\n\n\n\n<p><strong>Warum sind unsere Tennispl\u00e4tze gr\u00fcn und nicht rot?<\/strong><\/p>\n\n\n\n<p>Urspr\u00fcnglich war es eine Bedingung zum Naturschutz: Damit die heimische Fauna nicht irritiert wird, sollten keine gro\u00dfen roten Fl\u00e4chen geschaffen werden.\u00a0 Deshalb entschied man sich beim Bau der Pl\u00e4tze f\u00fcr den Belag Canada Tenn\u00ae (nun \u201eGreen Clay\u201c der Firma Har-Tru)<\/p>\n\n\n<div class=\"wp-block-image\">\n<figure class=\"aligncenter size-full\"><a href=\"https:\/\/www2.tc-niddatal.de\/wp-content\/uploads\/2026\/02\/Plaetze.jpg\"><img loading=\"lazy\" decoding=\"async\" width=\"400\" height=\"112\" src=\"https:\/\/www2.tc-niddatal.de\/wp-content\/uploads\/2026\/02\/Plaetze.jpg\" alt=\"\" class=\"wp-image-4070\" srcset=\"https:\/\/www2.tc-niddatal.de\/wp-content\/uploads\/2026\/02\/Plaetze.jpg 400w, https:\/\/www2.tc-niddatal.de\/wp-content\/uploads\/2026\/02\/Plaetze-300x84.jpg 300w\" sizes=\"auto, (max-width: 400px) 100vw, 400px\" \/><\/a><\/figure>\n<\/div>\n\n\n<p><strong>Weitere Vorteile von Canada Tenn\u00ae :<\/strong><\/p>\n\n\n\n<p>Man bekommt beim\u00a0 Spielen keine roten Socken, aber das ist nicht der einzige Vorteil:<\/p>\n\n\n\n<p>\u2022Canada Tenn\u00ae ist ein mineralisches, gebrochenes Gestein (Basalt), das physikalisch stabiler ist als Ziegelmehl. Hierdurch ist der Verschlei\u00df der Spieldecke geringer und ein Austausch der Spieldecke wird deutlich sp\u00e4ter notwendig.<\/p>\n\n\n\n<p>\u2022Ein hydraulisches Bindemittel sorgt daf\u00fcr, dass die Spieldecke nicht ihren Zusammenhalt verliert. Dadurch wird nicht so viel Wasser f\u00fcr die Festigkeit ben\u00f6tigt wie bei Ziegelmehlbelag.<\/p>\n\n\n\n<p>\u2022Das Material ist deutlich abriebfester und frostbest\u00e4ndiger als Ziegelmehl.<\/p>\n\n\n\n<p>\u2022Das Material hat eine maximale Korngr\u00f6\u00dfe von unter 2 mm und erzeugt eine ebenm\u00e4\u00dfige Oberfl\u00e4che. Dadurch ergibt sich ein genaueres Ballsprung-verhalten und optimale Standfestigkeit.<\/p>\n\n\n\n<p>\u2022Das Material ist unbedenklich f\u00fcr Mensch und Umwelt.<\/p>\n\n\n\n<figure class=\"wp-block-image size-full\"><a href=\"https:\/\/www2.tc-niddatal.de\/wp-content\/uploads\/2026\/02\/image-1.png\"><img loading=\"lazy\" decoding=\"async\" width=\"1017\" height=\"167\" src=\"https:\/\/www2.tc-niddatal.de\/wp-content\/uploads\/2026\/02\/image-1.png\" alt=\"\" class=\"wp-image-4071\" srcset=\"https:\/\/www2.tc-niddatal.de\/wp-content\/uploads\/2026\/02\/image-1.png 1017w, https:\/\/www2.tc-niddatal.de\/wp-content\/uploads\/2026\/02\/image-1-300x49.png 300w, https:\/\/www2.tc-niddatal.de\/wp-content\/uploads\/2026\/02\/image-1-768x126.png 768w\" sizes=\"auto, (max-width: 1017px) 100vw, 1017px\" \/><\/a><\/figure>\n","protected":false},"excerpt":{"rendered":"<p>Unser Verein verf\u00fcgt \u00fcber 6 Sandpl\u00e4tze mit dem Belag Canada Tenn\u00ae. Warum sind unsere Tennispl\u00e4tze gr\u00fcn und nicht rot? Urspr\u00fcnglich war es eine Bedingung zum Naturschutz: Damit die heimische Fauna nicht irritiert wird, sollten keine gro\u00dfen roten Fl\u00e4chen geschaffen werden.\u00a0 Deshalb entschied man sich beim Bau der Pl\u00e4tze f\u00fcr den Belag Canada Tenn\u00ae (nun \u201eGreen <span class=\"ellipsis\">&hellip;<\/span> <span class=\"more-link-wrap\"><a href=\"https:\/\/www2.tc-niddatal.de\/?page_id=4068\" class=\"more-link\"><span>Read More &rarr;<\/span><\/a><\/span><\/p>\n","protected":false},"author":9,"featured_media":0,"parent":0,"menu_order":0,"comment_status":"closed","ping_status":"closed","template":"","meta":{"ngg_post_thumbnail":0,"footnotes":""},"class_list":["post-4068","page","type-page","status-publish","hentry"],"_links":{"self":[{"href":"https:\/\/www2.tc-niddatal.de\/index.php?rest_route=\/wp\/v2\/pages\/4068","targetHints":{"allow":["GET"]}}],"collection":[{"href":"https:\/\/www2.tc-niddatal.de\/index.php?rest_route=\/wp\/v2\/pages"}],"about":[{"href":"https:\/\/www2.tc-niddatal.de\/index.php?rest_route=\/wp\/v2\/types\/page"}],"author":[{"embeddable":true,"href":"https:\/\/www2.tc-niddatal.de\/index.php?rest_route=\/wp\/v2\/users\/9"}],"replies":[{"embeddable":true,"href":"https:\/\/www2.tc-niddatal.de\/index.php?rest_route=%2Fwp%2Fv2%2Fcomments&post=4068"}],"version-history":[{"count":1,"href":"https:\/\/www2.tc-niddatal.de\/index.php?rest_route=\/wp\/v2\/pages\/4068\/revisions"}],"predecessor-version":[{"id":4072,"href":"https:\/\/www2.tc-niddatal.de\/index.php?rest_route=\/wp\/v2\/pages\/4068\/revisions\/4072"}],"wp:attachment":[{"href":"https:\/\/www2.tc-niddatal.de\/index.php?rest_route=%2Fwp%2Fv2%2Fmedia&parent=4068"}],"curies":[{"name":"wp","href":"https:\/\/api.w.org\/{rel}","templated":true}]}}