{"id":255,"date":"2014-10-25T15:31:12","date_gmt":"2014-10-25T13:31:12","guid":{"rendered":"http:\/\/192.168.178.23\/tcniddatal\/?page_id=255"},"modified":"2025-05-16T12:09:08","modified_gmt":"2025-05-16T10:09:08","slug":"impressum","status":"publish","type":"page","link":"https:\/\/www2.tc-niddatal.de\/?page_id=255","title":{"rendered":"Impressum"},"content":{"rendered":"<p><strong>Angaben gem\u00e4\u00df \u00a7 5 Telemediengesetz (TMG):<\/strong><br \/>\nTC Niddatal e.V.<br \/>\nAssenheimer Str.<br \/>\n61194 Niddatal-B\u00f6nstadt<\/p>\n<p>Gesch\u00e4ftsf\u00fchrender Vorstand gem\u00e4\u00df \u00a7 26 BGB<br \/>\nJana Boden, Kathrin Tschernich, Simone Zenker<\/p>\n<p><strong>Vertreten durch:<\/strong><br \/>\nden <a title=\"Vorstand und Kontakt\" href=\"?page_id=13\">Vorstand<\/a><\/p>\n<p><strong>Kontakt:<\/strong><br \/>\nE-Mail: <a href=\"mailto:vorstand@tc-niddatal.de\">vorstand@tc-niddatal.de<\/a><\/p>\n","protected":false},"excerpt":{"rendered":"<p>Angaben gem\u00e4\u00df \u00a7 5 Telemediengesetz (TMG): TC Niddatal e.V. Assenheimer Str. 61194 Niddatal-B\u00f6nstadt Gesch\u00e4ftsf\u00fchrender Vorstand gem\u00e4\u00df \u00a7 26 BGB Jana Boden, Kathrin Tschernich, Simone Zenker Vertreten durch: den Vorstand Kontakt: E-Mail: vorstand@tc-niddatal.de<\/p>\n","protected":false},"author":1,"featured_media":0,"parent":0,"menu_order":0,"comment_status":"closed","ping_status":"closed","template":"","meta":{"ngg_post_thumbnail":0,"footnotes":""},"class_list":["post-255","page","type-page","status-publish","hentry"],"_links":{"self":[{"href":"https:\/\/www2.tc-niddatal.de\/index.php?rest_route=\/wp\/v2\/pages\/255","targetHints":{"allow":["GET"]}}],"collection":[{"href":"https:\/\/www2.tc-niddatal.de\/index.php?rest_route=\/wp\/v2\/pages"}],"about":[{"href":"https:\/\/www2.tc-niddatal.de\/index.php?rest_route=\/wp\/v2\/types\/page"}],"author":[{"embeddable":true,"href":"https:\/\/www2.tc-niddatal.de\/index.php?rest_route=\/wp\/v2\/users\/1"}],"replies":[{"embeddable":true,"href":"https:\/\/www2.tc-niddatal.de\/index.php?rest_route=%2Fwp%2Fv2%2Fcomments&post=255"}],"version-history":[{"count":15,"href":"https:\/\/www2.tc-niddatal.de\/index.php?rest_route=\/wp\/v2\/pages\/255\/revisions"}],"predecessor-version":[{"id":3721,"href":"https:\/\/www2.tc-niddatal.de\/index.php?rest_route=\/wp\/v2\/pages\/255\/revisions\/3721"}],"wp:attachment":[{"href":"https:\/\/www2.tc-niddatal.de\/index.php?rest_route=%2Fwp%2Fv2%2Fmedia&parent=255"}],"curies":[{"name":"wp","href":"https:\/\/api.w.org\/{rel}","templated":true}]}}