{"id":105,"date":"2013-12-13T21:00:34","date_gmt":"2013-12-13T19:00:34","guid":{"rendered":"http:\/\/192.168.178.23\/tcniddatal\/?page_id=105"},"modified":"2025-07-14T14:30:29","modified_gmt":"2025-07-14T12:30:29","slug":"mitgliedschaft","status":"publish","type":"page","link":"https:\/\/www2.tc-niddatal.de\/?page_id=105","title":{"rendered":"Mitgliedschaft"},"content":{"rendered":"<p>Sie haben Lust auf Tennis in angenehmer Atmosph\u00e4re? Es reicht Ihnen nicht, immer nur den gro\u00dfen Stars im Fernsehen zuzusehen? Stattdessen m\u00f6chten Sie selbst den Schl\u00e4ger in die Hand nehmen um Ball und Gegner \u00fcber den Platz zu treiben? Dann kommen Sie zu uns!<\/p>\n<p>Bei einer Mitgliedschaft k\u00f6nnen Sie sich sicher sein, dass Sie nicht nur Spa\u00df am Spiel, sondern auch neue Freunde finden werden. Mit unseren Spielern stehen Ihnen bei Clubmeisterschaften zwar Konkurrenten, aber dar\u00fcber hinaus nette Menschen zur Seite, die den Tennissport genauso lieben wie Sie! Auch wenn Sie uns abseits des Sports unterst\u00fctzen wollen, freuen wir uns \u00fcber Ihre Mitgliedschaft und Ihr Engagement.<\/p>\n<p><strong>\u00dcbersicht Jahresbeitr\u00e4ge (Aktive)<\/strong><\/p>\n<table>\n<tbody>\n<tr>\n<td>Erwachsene*<\/td>\n<td style=\"text-align: right;\">119\u20ac<\/td>\n<td>+8 Arbeitsstunden***<\/td>\n<\/tr>\n<tr>\n<td>Student\/inn\/en\/Azubis\/Sch\u00fclerInnen**<\/td>\n<td style=\"text-align: right;\">89\u20ac<\/td>\n<td>+8 Arbeitsstunden***<\/td>\n<\/tr>\n<tr>\n<td>Grundwehr und Ersatzdienstleistende**<\/td>\n<td style=\"text-align: right;\">89\u20ac<\/td>\n<td>+8 Arbeitsstunden***<\/td>\n<\/tr>\n<tr>\n<td>Jugendliche (14 bis 17 Jahre)<\/td>\n<td style=\"text-align: right;\">45\u20ac<\/td>\n<td>ab vollendetem 16. Lebensjahr + 8 Arbeitsstunden***<\/td>\n<\/tr>\n<tr>\n<td>Kinder (bis 13 Jahre)<\/td>\n<td style=\"text-align: right;\">32\u20ac<\/td>\n<td>keine Arbeitsstunden<\/td>\n<\/tr>\n<tr>\n<td>Familien (maximal)<\/td>\n<td style=\"text-align: right;\">249\u20ac<\/td>\n<td>je Mitglied ab vollendetem 16. Lebensjahr + 8 Arbeitsstunden***<\/td>\n<\/tr>\n<\/tbody>\n<\/table>\n<p>* &nbsp;Bei nachgewiesener ganzj\u00e4hriger Arbeitslosigkeit erfolgt 20 \u20ac Beitragsr\u00fcckerstattung.<br \/>\n**&nbsp; Bis zum 1. Februar eines jeden Jahres unaufgefordert neu nachzuweisen.<br \/>\n***&nbsp;Jede nicht geleistete Arbeitsstunde wird mit 12 \u20ac berechnet. Arbeitsstunden k\u00f6nnen auch von anderen Personen (ab vollendetem 16. Lebensjahr) im Namen eines Mitglieds abgeleistet werden. Mitglieder ab dem vollendeten 70. Lebensjahr sind von der Ableistung befreit.<\/p>\n<p>Bei unterj\u00e4hrigen Eintritten wird ein Rabatt gew\u00e4hrt!<\/p>\n<p><strong>Jahresbeitr\u00e4ge (Passive)<\/strong><\/p>\n<table>\n<tbody>\n<tr>\n<td>Erwachsene<\/td>\n<td style=\"text-align: right;\">49\u20ac<\/td>\n<\/tr>\n<tr>\n<td>Kinder und Jugendliche<\/td>\n<td style=\"text-align: right;\">24\u20ac<\/td>\n<\/tr>\n<\/tbody>\n<\/table>\n<p><strong>G\u00e4stem\u00e4rkchen<\/strong><\/p>\n<table>\n<tbody>\n<tr>\n<td>Erwachsene<\/td>\n<td style=\"text-align: right;\">10\u20ac<\/td>\n<\/tr>\n<tr>\n<td>Kinder und Jugendliche<\/td>\n<td style=\"text-align: right;\">5\u20ac<\/td>\n<\/tr>\n<\/tbody>\n<\/table>\n<p>&nbsp;<\/p>\n<p><b>Aufnahmeantrag<\/b><\/p>\n<p>Den&nbsp;Aufnahmeantrag bitte <a href=\"http:\/\/www2.tc-niddatal.de\/wp-content\/uploads\/2013\/12\/2024-04-24Aufnahmeantrag.pdf\">hier<\/a>&nbsp;ausdrucken.<\/p>\n<p>Die <a title=\"Vorstand und Kontakt\" href=\"?page_id=13\">1. Vorsitzende<\/a> ist Anlaufstelle f\u00fcr Ein- und Austritte, Ausgabe von Spielm\u00e4rkchen und Schl\u00fcsseln, \u00c4nderung der Bankverbindungen, Ausgabe von Ersatzm\u00e4rkchen und Ersatzschl\u00fcsseln (Kosten: je Ersatzschl\u00fcssel: 10 \u20ac, je Ersatzmarke: 5 \u20ac).<\/p>\n<p>Neue Mitglieder erhalten neben dem Spielm\u00e4rkchen je einen Schl\u00fcssel f\u00fcr die Tennisanlage und f\u00fcr das Funktionsgeb\u00e4ude (einmalige Gesamtkosten: 22 \u20ac).<\/p>\n<p>K\u00fcndigungen m\u00fcssen bis zum 31.12. des laufenden Kalenderjahres erfolgen!<\/p>\n","protected":false},"excerpt":{"rendered":"<p>Sie haben Lust auf Tennis in angenehmer Atmosph\u00e4re? Es reicht Ihnen nicht, immer nur den gro\u00dfen Stars im Fernsehen zuzusehen? Stattdessen m\u00f6chten Sie selbst den Schl\u00e4ger in die Hand nehmen um Ball und Gegner \u00fcber den Platz zu treiben? Dann kommen Sie zu uns! Bei einer Mitgliedschaft k\u00f6nnen Sie sich sicher sein, dass Sie nicht <span class=\"ellipsis\">&hellip;<\/span> <span class=\"more-link-wrap\"><a href=\"https:\/\/www2.tc-niddatal.de\/?page_id=105\" class=\"more-link\"><span>Read More &rarr;<\/span><\/a><\/span><\/p>\n","protected":false},"author":1,"featured_media":0,"parent":0,"menu_order":0,"comment_status":"closed","ping_status":"open","template":"","meta":{"ngg_post_thumbnail":0,"footnotes":""},"class_list":["post-105","page","type-page","status-publish","hentry"],"_links":{"self":[{"href":"https:\/\/www2.tc-niddatal.de\/index.php?rest_route=\/wp\/v2\/pages\/105","targetHints":{"allow":["GET"]}}],"collection":[{"href":"https:\/\/www2.tc-niddatal.de\/index.php?rest_route=\/wp\/v2\/pages"}],"about":[{"href":"https:\/\/www2.tc-niddatal.de\/index.php?rest_route=\/wp\/v2\/types\/page"}],"author":[{"embeddable":true,"href":"https:\/\/www2.tc-niddatal.de\/index.php?rest_route=\/wp\/v2\/users\/1"}],"replies":[{"embeddable":true,"href":"https:\/\/www2.tc-niddatal.de\/index.php?rest_route=%2Fwp%2Fv2%2Fcomments&post=105"}],"version-history":[{"count":35,"href":"https:\/\/www2.tc-niddatal.de\/index.php?rest_route=\/wp\/v2\/pages\/105\/revisions"}],"predecessor-version":[{"id":3838,"href":"https:\/\/www2.tc-niddatal.de\/index.php?rest_route=\/wp\/v2\/pages\/105\/revisions\/3838"}],"wp:attachment":[{"href":"https:\/\/www2.tc-niddatal.de\/index.php?rest_route=%2Fwp%2Fv2%2Fmedia&parent=105"}],"curies":[{"name":"wp","href":"https:\/\/api.w.org\/{rel}","templated":true}]}}